{"id":48,"date":"2021-02-10T16:38:14","date_gmt":"2021-02-10T15:38:14","guid":{"rendered":"https:\/\/pflegeroptik.at\/webshop\/?post_type=product&#038;p=48"},"modified":"2024-04-17T11:55:47","modified_gmt":"2024-04-17T09:55:47","slug":"les-yeux-reinigung-plus","status":"publish","type":"product","link":"https:\/\/pflegeroptik.at\/webshop\/produkt\/les-yeux-reinigung-plus\/","title":{"rendered":"Les Yeux Reinigung <sup>+<\/sup>"},"content":{"rendered":"<h4 class=\"moz-signature\">Abrasive Intensivreinigungsl\u00f6sung f\u00fcr flexible, formstabile Kontaktlinsen.<\/h4>\n<div class=\"moz-signature\"><\/div>\n<div class=\"moz-signature\">Inhalt: 30ml + 1 Beh\u00e4lter<\/div>\n<div class=\"moz-signature\"><\/div>\n<div class=\"moz-signature\"><strong>VERWENDUNG<\/strong>: Intensive, abrasive Reinigung.<\/div>\n<div class=\"moz-signature\"><strong>ANWENDUNG<\/strong>: F\u00fcr nahezu alle formstabilen Kontaktlinsen geeignet. Nicht geeignet f\u00fcr spezielle Materialien wie Bilo 100, Optimum Extra, Boston XO2 und Boston XO. Bitte kontaktieren Sie gegebenenfalls zuvor Ihren Kontaktlinsenanpasser.<br \/>\n<strong>VORTEILE<\/strong>: Bew\u00e4hrter Reiniger f\u00fcr formstabile Kontaktlinsen. Nicht ionischer, abrasiver Reiniger mit noch besserer Reinigungsleistung. Entfernt Lipide und Ablagerungen zuverl\u00e4ssig und verbessert Sehsch\u00e4rfe und Gasdurchl\u00e4ssigkeit.<br \/>\n<strong>NUTZEN<\/strong>: Zur t\u00e4glichen Reinigung. Verbesserte Sehsch\u00e4rfe und hoher Tragekomfort.<\/div>\n","protected":false},"excerpt":{"rendered":"<p>Abrasive Intensivreinigungsl\u00f6sung f\u00fcr flexible, formstabile Kontaktlinsen. Inhalt: 30ml + 1 Beh\u00e4lter VERWENDUNG: Intensive, abrasive Reinigung. ANWENDUNG: F\u00fcr nahezu alle formstabilen Kontaktlinsen geeignet. Nicht geeignet f\u00fcr spezielle Materialien wie Bilo 100, Optimum Extra, Boston XO2 und Boston XO. Bitte kontaktieren Sie gegebenenfalls zuvor Ihren Kontaktlinsenanpasser. VORTEILE: Bew\u00e4hrter Reiniger f\u00fcr formstabile Kontaktlinsen. Nicht ionischer, abrasiver Reiniger mit [&hellip;]<\/p>\n","protected":false},"featured_media":49,"template":"","meta":[],"product_brand":[],"product_cat":[31],"product_tag":[],"class_list":{"0":"post-48","1":"product","2":"type-product","3":"status-publish","4":"has-post-thumbnail","6":"product_cat-kontaktlinsenpflegemittel","7":"product_shipping_class-020-bis-050-kg","9":"first","10":"instock","11":"taxable","12":"shipping-taxable","13":"purchasable","14":"product-type-simple"},"_links":{"self":[{"href":"https:\/\/pflegeroptik.at\/webshop\/wp-json\/wp\/v2\/product\/48","targetHints":{"allow":["GET"]}}],"collection":[{"href":"https:\/\/pflegeroptik.at\/webshop\/wp-json\/wp\/v2\/product"}],"about":[{"href":"https:\/\/pflegeroptik.at\/webshop\/wp-json\/wp\/v2\/types\/product"}],"wp:featuredmedia":[{"embeddable":true,"href":"https:\/\/pflegeroptik.at\/webshop\/wp-json\/wp\/v2\/media\/49"}],"wp:attachment":[{"href":"https:\/\/pflegeroptik.at\/webshop\/wp-json\/wp\/v2\/media?parent=48"}],"wp:term":[{"taxonomy":"product_brand","embeddable":true,"href":"https:\/\/pflegeroptik.at\/webshop\/wp-json\/wp\/v2\/product_brand?post=48"},{"taxonomy":"product_cat","embeddable":true,"href":"https:\/\/pflegeroptik.at\/webshop\/wp-json\/wp\/v2\/product_cat?post=48"},{"taxonomy":"product_tag","embeddable":true,"href":"https:\/\/pflegeroptik.at\/webshop\/wp-json\/wp\/v2\/product_tag?post=48"}],"curies":[{"name":"wp","href":"https:\/\/api.w.org\/{rel}","templated":true}]}}