{"id":46,"date":"2021-02-10T16:34:41","date_gmt":"2021-02-10T15:34:41","guid":{"rendered":"https:\/\/pflegeroptik.at\/webshop\/?post_type=product&#038;p=46"},"modified":"2024-04-17T11:55:57","modified_gmt":"2024-04-17T09:55:57","slug":"les-yeux-reinigung-mild","status":"publish","type":"product","link":"https:\/\/pflegeroptik.at\/webshop\/produkt\/les-yeux-reinigung-mild\/","title":{"rendered":"Les Yeux Reinigung mild"},"content":{"rendered":"<h4 class=\"moz-signature\">Milde, nicht abrasive Reinigungsl\u00f6sung f\u00fcr flexible, formstabile Kontaktlinsen.<\/h4>\n<div class=\"moz-signature\"><\/div>\n<div class=\"moz-signature\">Inhalt: 30ml<\/div>\n<div class=\"moz-signature\"><\/div>\n<div class=\"moz-signature\"><strong>VERWENDUNG<\/strong>: Schonende Reinigung.<\/div>\n<div class=\"moz-signature\"><strong>ANWENDUNG<\/strong>: F\u00fcr alle formstabilen Kontaktlinsen geeignet.<br \/>\n<strong>VORTEILE<\/strong>: Mildes, bew\u00e4hrtes Pflegesystem f\u00fcr formstabile Kontaktlinsen. Gute Reinigungsleistung. Schonende Reinigung, speziell entwickelt f\u00fcr hochgasdurchl\u00e4ssige Materialien der formstabilen Kontaktlinsen.<br \/>\n<strong>NUTZEN<\/strong>: Zur t\u00e4glichen Reinigung. Milde, sehr effektive Reinigung.<\/div>\n","protected":false},"excerpt":{"rendered":"<p>Milde, nicht abrasive Reinigungsl\u00f6sung f\u00fcr flexible, formstabile Kontaktlinsen. Inhalt: 30ml VERWENDUNG: Schonende Reinigung. ANWENDUNG: F\u00fcr alle formstabilen Kontaktlinsen geeignet. VORTEILE: Mildes, bew\u00e4hrtes Pflegesystem f\u00fcr formstabile Kontaktlinsen. Gute Reinigungsleistung. Schonende Reinigung, speziell entwickelt f\u00fcr hochgasdurchl\u00e4ssige Materialien der formstabilen Kontaktlinsen. NUTZEN: Zur t\u00e4glichen Reinigung. Milde, sehr effektive Reinigung.<\/p>\n","protected":false},"featured_media":47,"template":"","meta":[],"product_brand":[],"product_cat":[31],"product_tag":[],"class_list":{"0":"post-46","1":"product","2":"type-product","3":"status-publish","4":"has-post-thumbnail","6":"product_cat-kontaktlinsenpflegemittel","7":"product_shipping_class-020-bis-050-kg","9":"first","10":"instock","11":"taxable","12":"shipping-taxable","13":"purchasable","14":"product-type-simple"},"_links":{"self":[{"href":"https:\/\/pflegeroptik.at\/webshop\/wp-json\/wp\/v2\/product\/46","targetHints":{"allow":["GET"]}}],"collection":[{"href":"https:\/\/pflegeroptik.at\/webshop\/wp-json\/wp\/v2\/product"}],"about":[{"href":"https:\/\/pflegeroptik.at\/webshop\/wp-json\/wp\/v2\/types\/product"}],"wp:featuredmedia":[{"embeddable":true,"href":"https:\/\/pflegeroptik.at\/webshop\/wp-json\/wp\/v2\/media\/47"}],"wp:attachment":[{"href":"https:\/\/pflegeroptik.at\/webshop\/wp-json\/wp\/v2\/media?parent=46"}],"wp:term":[{"taxonomy":"product_brand","embeddable":true,"href":"https:\/\/pflegeroptik.at\/webshop\/wp-json\/wp\/v2\/product_brand?post=46"},{"taxonomy":"product_cat","embeddable":true,"href":"https:\/\/pflegeroptik.at\/webshop\/wp-json\/wp\/v2\/product_cat?post=46"},{"taxonomy":"product_tag","embeddable":true,"href":"https:\/\/pflegeroptik.at\/webshop\/wp-json\/wp\/v2\/product_tag?post=46"}],"curies":[{"name":"wp","href":"https:\/\/api.w.org\/{rel}","templated":true}]}}