{"id":44,"date":"2021-02-10T16:00:25","date_gmt":"2021-02-10T15:00:25","guid":{"rendered":"https:\/\/pflegeroptik.at\/webshop\/?post_type=product&#038;p=44"},"modified":"2024-04-17T11:56:07","modified_gmt":"2024-04-17T09:56:07","slug":"ly-aufbewahrung-mild","status":"publish","type":"product","link":"https:\/\/pflegeroptik.at\/webshop\/produkt\/ly-aufbewahrung-mild\/","title":{"rendered":"Les Yeux Aufbewahrung mild"},"content":{"rendered":"<h4 class=\"moz-signature\">Milde Desinfektions- und Aufbewahrungsl\u00f6sung f\u00fcr flexible, formstabile Kontaktlinsen.<\/h4>\n<div class=\"moz-signature\"><\/div>\n<div class=\"moz-signature\">Inhalt: 125ml + 1 Beh\u00e4lter<\/div>\n<div class=\"moz-signature\"><\/div>\n<div class=\"moz-signature\"><strong>VERWENDUNG<\/strong>: Desinfizieren, Aufbewahren, Absp\u00fclen und Benetzen.<\/div>\n<div class=\"moz-signature\"><strong>ANWENDUNG<\/strong>: F\u00fcr alle formstabilen Kontaktlinsen geeignet.<br \/>\n<strong>VORTEILE<\/strong>: Mildes, bew\u00e4hrtes Pflegesystem f\u00fcr formstabile Kontaktlinsen. Gute Desinfektionsleistung. Milde Aufbewahrung f\u00fcr noch mehr Komfort beim Einsetzen.<br \/>\n<strong>NUTZEN<\/strong>: Zur t\u00e4glichen Aufbewahrung. Milde Aufbewahrungsl\u00f6sung. Hoher Komfort schon beim Einsetzen der Kontaktlinsen.<\/div>\n","protected":false},"excerpt":{"rendered":"<p>Milde Desinfektions- und Aufbewahrungsl\u00f6sung f\u00fcr flexible, formstabile Kontaktlinsen. Inhalt: 125ml + 1 Beh\u00e4lter VERWENDUNG: Desinfizieren, Aufbewahren, Absp\u00fclen und Benetzen. ANWENDUNG: F\u00fcr alle formstabilen Kontaktlinsen geeignet. VORTEILE: Mildes, bew\u00e4hrtes Pflegesystem f\u00fcr formstabile Kontaktlinsen. Gute Desinfektionsleistung. Milde Aufbewahrung f\u00fcr noch mehr Komfort beim Einsetzen. NUTZEN: Zur t\u00e4glichen Aufbewahrung. Milde Aufbewahrungsl\u00f6sung. Hoher Komfort schon beim Einsetzen der Kontaktlinsen.<\/p>\n","protected":false},"featured_media":45,"template":"","meta":[],"product_brand":[],"product_cat":[31],"product_tag":[],"class_list":{"0":"post-44","1":"product","2":"type-product","3":"status-publish","4":"has-post-thumbnail","6":"product_cat-kontaktlinsenpflegemittel","7":"product_shipping_class-020-bis-050-kg","9":"first","10":"instock","11":"taxable","12":"shipping-taxable","13":"purchasable","14":"product-type-simple"},"_links":{"self":[{"href":"https:\/\/pflegeroptik.at\/webshop\/wp-json\/wp\/v2\/product\/44","targetHints":{"allow":["GET"]}}],"collection":[{"href":"https:\/\/pflegeroptik.at\/webshop\/wp-json\/wp\/v2\/product"}],"about":[{"href":"https:\/\/pflegeroptik.at\/webshop\/wp-json\/wp\/v2\/types\/product"}],"wp:featuredmedia":[{"embeddable":true,"href":"https:\/\/pflegeroptik.at\/webshop\/wp-json\/wp\/v2\/media\/45"}],"wp:attachment":[{"href":"https:\/\/pflegeroptik.at\/webshop\/wp-json\/wp\/v2\/media?parent=44"}],"wp:term":[{"taxonomy":"product_brand","embeddable":true,"href":"https:\/\/pflegeroptik.at\/webshop\/wp-json\/wp\/v2\/product_brand?post=44"},{"taxonomy":"product_cat","embeddable":true,"href":"https:\/\/pflegeroptik.at\/webshop\/wp-json\/wp\/v2\/product_cat?post=44"},{"taxonomy":"product_tag","embeddable":true,"href":"https:\/\/pflegeroptik.at\/webshop\/wp-json\/wp\/v2\/product_tag?post=44"}],"curies":[{"name":"wp","href":"https:\/\/api.w.org\/{rel}","templated":true}]}}