{"id":42,"date":"2021-02-10T15:49:51","date_gmt":"2021-02-10T14:49:51","guid":{"rendered":"https:\/\/pflegeroptik.at\/webshop\/?post_type=product&#038;p=42"},"modified":"2024-04-17T11:56:22","modified_gmt":"2024-04-17T09:56:22","slug":"ly-saline-kochsalzloesung","status":"publish","type":"product","link":"https:\/\/pflegeroptik.at\/webshop\/produkt\/ly-saline-kochsalzloesung\/","title":{"rendered":"Les Yeux Saline<sup>+<\/sup> \/ Kochsalzl\u00f6sung"},"content":{"rendered":"<h4 class=\"moz-signature\">Bew\u00e4hrte, milde Kochsalzl\u00f6sung zum Absp\u00fclen aller Arten von Kontaktlinsen. Neue Formel mit weniger Konservierung! Geeignet zur Aufl\u00f6sung von enzymatischen Reinigungstabletten.<\/h4>\n<div class=\"moz-signature\"><\/div>\n<div class=\"moz-signature\">Inhalt: 350ml<\/div>\n<div class=\"moz-signature\"><\/div>\n<div class=\"moz-signature\"><strong>VERWENDUNG<\/strong>: Absp\u00fclen der Kontaktlinse vor dem Einsetzen Aufl\u00f6sung von enzymatischen Reinigungstabletten (z.B. LY Zym).<\/div>\n<div class=\"moz-signature\"><strong>ANWENDUNG<\/strong>: F\u00fcr alle Kontaktlinsen geeignet.<br \/>\n<strong>VORTEILE<\/strong>: pH- und Osmolarit\u00e4tswert der menschlichen Tr\u00e4nenfl\u00fcssigkeit nachempfunden. Erh\u00f6ht den Spontan- und Tragekomfort. Ablagerungsreste und reinigende Substanzen vom Pflegesystem werden von der Kontaktlinse vor dem Einsetzen abgesp\u00fclt. Die Kontaktlinse ist dadurch schon beim Einsetzen angenehmer auf dem Auge. Besonders gut vertr\u00e4glich dank der minimalen Konzentration an Konservierungsstoffen.<br \/>\n<strong>NUTZEN<\/strong>: Entfernen von R\u00fcckst\u00e4nden auf den Kontaktlinsen. Regelm\u00e4\u00dfiges Sp\u00fclen vor dem Einsetzen erh\u00f6ht den Tragekomfort und reduziert Reizungen und Allergien. \u00c4u\u00dferst gut vertr\u00e4glich, f\u00fcr langj\u00e4hriges, beschwerdefreies Kontaktlinsentragen.<\/div>\n","protected":false},"excerpt":{"rendered":"<p>Bew\u00e4hrte, milde Kochsalzl\u00f6sung zum Absp\u00fclen aller Arten von Kontaktlinsen. Neue Formel mit weniger Konservierung! Geeignet zur Aufl\u00f6sung von enzymatischen Reinigungstabletten. Inhalt: 350ml VERWENDUNG: Absp\u00fclen der Kontaktlinse vor dem Einsetzen Aufl\u00f6sung von enzymatischen Reinigungstabletten (z.B. LY Zym). ANWENDUNG: F\u00fcr alle Kontaktlinsen geeignet. VORTEILE: pH- und Osmolarit\u00e4tswert der menschlichen Tr\u00e4nenfl\u00fcssigkeit nachempfunden. Erh\u00f6ht den Spontan- und Tragekomfort. Ablagerungsreste [&hellip;]<\/p>\n","protected":false},"featured_media":43,"template":"","meta":[],"product_brand":[],"product_cat":[31],"product_tag":[],"class_list":{"0":"post-42","1":"product","2":"type-product","3":"status-publish","4":"has-post-thumbnail","6":"product_cat-kontaktlinsenpflegemittel","7":"product_shipping_class-020-bis-050-kg","9":"first","10":"instock","11":"taxable","12":"shipping-taxable","13":"purchasable","14":"product-type-simple"},"_links":{"self":[{"href":"https:\/\/pflegeroptik.at\/webshop\/wp-json\/wp\/v2\/product\/42","targetHints":{"allow":["GET"]}}],"collection":[{"href":"https:\/\/pflegeroptik.at\/webshop\/wp-json\/wp\/v2\/product"}],"about":[{"href":"https:\/\/pflegeroptik.at\/webshop\/wp-json\/wp\/v2\/types\/product"}],"wp:featuredmedia":[{"embeddable":true,"href":"https:\/\/pflegeroptik.at\/webshop\/wp-json\/wp\/v2\/media\/43"}],"wp:attachment":[{"href":"https:\/\/pflegeroptik.at\/webshop\/wp-json\/wp\/v2\/media?parent=42"}],"wp:term":[{"taxonomy":"product_brand","embeddable":true,"href":"https:\/\/pflegeroptik.at\/webshop\/wp-json\/wp\/v2\/product_brand?post=42"},{"taxonomy":"product_cat","embeddable":true,"href":"https:\/\/pflegeroptik.at\/webshop\/wp-json\/wp\/v2\/product_cat?post=42"},{"taxonomy":"product_tag","embeddable":true,"href":"https:\/\/pflegeroptik.at\/webshop\/wp-json\/wp\/v2\/product_tag?post=42"}],"curies":[{"name":"wp","href":"https:\/\/api.w.org\/{rel}","templated":true}]}}