{"id":33,"date":"2021-01-09T01:56:18","date_gmt":"2021-01-09T00:56:18","guid":{"rendered":"http:\/\/pflegeroptik.at\/webshop\/?post_type=product&#038;p=33"},"modified":"2024-04-17T11:58:23","modified_gmt":"2024-04-17T09:58:23","slug":"hoergeraetebatterien-nr-13","status":"publish","type":"product","link":"https:\/\/pflegeroptik.at\/webshop\/produkt\/hoergeraetebatterien-nr-13\/","title":{"rendered":"10er Pack H\u00f6rgeraetebatterien Nr 13"},"content":{"rendered":"<h4>Signia H\u00f6rger\u00e4te Batterien werden in Deutschland hergestellt und bieten eine \u00fcberlegene Leistung.<\/h4>\n<p>Inhalt: Packung mit 10 St\u00fcck mit jeweils 6 Batterien. Eine weitere Packung als add-on gratis. Insgesamt 66 Batterien.<\/p>\n","protected":false},"excerpt":{"rendered":"<p>Signia H\u00f6rger\u00e4te Batterien werden in Deutschland hergestellt und bieten eine \u00fcberlegene Leistung. Inhalt: Packung mit 10 St\u00fcck mit jeweils 6 Batterien. Eine weitere Packung als add-on gratis. Insgesamt 66 Batterien.<\/p>\n","protected":false},"featured_media":61,"template":"","meta":[],"product_brand":[],"product_cat":[32],"product_tag":[],"class_list":{"0":"post-33","1":"product","2":"type-product","3":"status-publish","4":"has-post-thumbnail","6":"product_cat-hoergeraete-zubehoer","7":"product_shipping_class-000-bis-019-kg","9":"first","10":"instock","11":"taxable","12":"shipping-taxable","13":"purchasable","14":"product-type-simple"},"_links":{"self":[{"href":"https:\/\/pflegeroptik.at\/webshop\/wp-json\/wp\/v2\/product\/33","targetHints":{"allow":["GET"]}}],"collection":[{"href":"https:\/\/pflegeroptik.at\/webshop\/wp-json\/wp\/v2\/product"}],"about":[{"href":"https:\/\/pflegeroptik.at\/webshop\/wp-json\/wp\/v2\/types\/product"}],"wp:featuredmedia":[{"embeddable":true,"href":"https:\/\/pflegeroptik.at\/webshop\/wp-json\/wp\/v2\/media\/61"}],"wp:attachment":[{"href":"https:\/\/pflegeroptik.at\/webshop\/wp-json\/wp\/v2\/media?parent=33"}],"wp:term":[{"taxonomy":"product_brand","embeddable":true,"href":"https:\/\/pflegeroptik.at\/webshop\/wp-json\/wp\/v2\/product_brand?post=33"},{"taxonomy":"product_cat","embeddable":true,"href":"https:\/\/pflegeroptik.at\/webshop\/wp-json\/wp\/v2\/product_cat?post=33"},{"taxonomy":"product_tag","embeddable":true,"href":"https:\/\/pflegeroptik.at\/webshop\/wp-json\/wp\/v2\/product_tag?post=33"}],"curies":[{"name":"wp","href":"https:\/\/api.w.org\/{rel}","templated":true}]}}