{"id":212,"date":"2024-02-19T14:42:30","date_gmt":"2024-02-19T13:42:30","guid":{"rendered":"https:\/\/pflegeroptik.at\/webshop\/?post_type=product&#038;p=212"},"modified":"2024-04-17T11:55:05","modified_gmt":"2024-04-17T09:55:05","slug":"bilosa-eyedrop-hyaluron-01","status":"publish","type":"product","link":"https:\/\/pflegeroptik.at\/webshop\/produkt\/bilosa-eyedrop-hyaluron-01\/","title":{"rendered":"Bilosa Eyedrop Hyaluron 0,1%"},"content":{"rendered":"<h4 class=\"moz-signature\">Benetzungs- und Komforttropfen mit Hyaluron, ohne Konservierungsmittel zur Befeuchtung bei Benetzungsst\u00f6rungen, zur Linderung und Behandlung von Reizungen oder nach operativen Eingriffen. Mit Natriumhyaluronat 0,1 %, ohne Konservierungsmittel. F\u00fcr Kontatklinsentr\u00e4gerInnen und Nicht-Kon-taktlinsentr\u00e4gerInnen geeignet.<\/h4>\n<div class=\"moz-signature\"><\/div>\n<div class=\"moz-signature\">Inhalt: 10ml<\/div>\n<div><\/div>\n<div>&#8211; Mit 0,1% Natriumhyaluronat, ohne Konservierungsmittel &#8211; Erfrischende Benetzung mit sofortiger Wirkung<br \/>\n&#8211; Steigern den Seh- und Tragekomfort deutlich<br \/>\n&#8211; F\u00fcr gereizte und brennende Augen<br \/>\n&#8211; Einfachste Anwendung der neuartigen Dosierflasche<\/div>\n<div><\/div>\n<div>\n<div class=\"moz-signature\"><strong>VERWENDUNG<\/strong>: Benetzung bei trockenen, gereizten oder brennenden Augen. Linderung und Behandlung von Reizungen durch trockene, klimatisierte Luft, Rauch, Staub, Pollen Nach operativen Eingriffen.<\/div>\n<div class=\"moz-signature\"><strong>ANWENDUNG<\/strong>: F\u00fcr alle Kontaktlinsen geeignet. F\u00fcr Kontaktlinsentr\u00e4gerInnen und Nicht-Kontaktlinsentr\u00e4gerInnen geeignet.<br \/>\n<strong>VORTEILE<\/strong>: Sofortige Versorgung der Augen mit Feuchtigkeit. Das enthaltene Hyaluron bildet einen gleichm\u00e4\u00dfigen Schutzfilm. Steigern den Seh- und Tragekomfort deutlich. Lassen Symptome von Reizungen und Trockenheit der Augen sofort abklingen.<br \/>\n<strong>NUTZEN<\/strong>: \u00c4u\u00dferst einfache Anwendung dank der neuartigen Tropferspitze. Genaue Dosierung ohne hohen Kraftaufwand. Ohne Konservierungsmittel. Bietet sofortige Linderung bei Erm\u00fcdungserscheinungen der Augen etwa durch lange Arbeit vor<br \/>\nComputerbildschirm oder bei Belastung durch Pollen.<\/div>\n<div><strong>ZUSAMMENSETZUNG<\/strong>: Natriumhyaluronat 3 mg\/ml, Natriumchlorid, Natriumhydrogenphosphate, Chloride (Kalium, Calcium, Magnesium), Natriumhydrogencarbonat, Aqua purificata<\/div>\n<\/div>\n<div><\/div>\n<div class=\"moz-signature\"><\/div>\n","protected":false},"excerpt":{"rendered":"<p>Benetzungs- und Komforttropfen mit Hyaluron, ohne Konservierungsmittel zur Befeuchtung bei Benetzungsst\u00f6rungen, zur Linderung und Behandlung von Reizungen oder nach operativen Eingriffen. Mit Natriumhyaluronat 0,1 %, ohne Konservierungsmittel. F\u00fcr Kontatklinsentr\u00e4gerInnen und Nicht-Kon-taktlinsentr\u00e4gerInnen geeignet. Inhalt: 10ml &#8211; Mit 0,1% Natriumhyaluronat, ohne Konservierungsmittel &#8211; Erfrischende Benetzung mit sofortiger Wirkung &#8211; Steigern den Seh- und Tragekomfort deutlich &#8211; F\u00fcr [&hellip;]<\/p>\n","protected":false},"featured_media":213,"template":"","meta":[],"product_brand":[],"product_cat":[31],"product_tag":[],"class_list":{"0":"post-212","1":"product","2":"type-product","3":"status-publish","4":"has-post-thumbnail","6":"product_cat-kontaktlinsenpflegemittel","7":"product_shipping_class-020-bis-050-kg","9":"first","10":"instock","11":"taxable","12":"shipping-taxable","13":"purchasable","14":"product-type-simple"},"_links":{"self":[{"href":"https:\/\/pflegeroptik.at\/webshop\/wp-json\/wp\/v2\/product\/212","targetHints":{"allow":["GET"]}}],"collection":[{"href":"https:\/\/pflegeroptik.at\/webshop\/wp-json\/wp\/v2\/product"}],"about":[{"href":"https:\/\/pflegeroptik.at\/webshop\/wp-json\/wp\/v2\/types\/product"}],"wp:featuredmedia":[{"embeddable":true,"href":"https:\/\/pflegeroptik.at\/webshop\/wp-json\/wp\/v2\/media\/213"}],"wp:attachment":[{"href":"https:\/\/pflegeroptik.at\/webshop\/wp-json\/wp\/v2\/media?parent=212"}],"wp:term":[{"taxonomy":"product_brand","embeddable":true,"href":"https:\/\/pflegeroptik.at\/webshop\/wp-json\/wp\/v2\/product_brand?post=212"},{"taxonomy":"product_cat","embeddable":true,"href":"https:\/\/pflegeroptik.at\/webshop\/wp-json\/wp\/v2\/product_cat?post=212"},{"taxonomy":"product_tag","embeddable":true,"href":"https:\/\/pflegeroptik.at\/webshop\/wp-json\/wp\/v2\/product_tag?post=212"}],"curies":[{"name":"wp","href":"https:\/\/api.w.org\/{rel}","templated":true}]}}