{"id":210,"date":"2024-02-19T14:33:29","date_gmt":"2024-02-19T13:33:29","guid":{"rendered":"https:\/\/pflegeroptik.at\/webshop\/?post_type=product&#038;p=210"},"modified":"2024-04-17T11:55:14","modified_gmt":"2024-04-17T09:55:14","slug":"les-yeux-aufbewahrung","status":"publish","type":"product","link":"https:\/\/pflegeroptik.at\/webshop\/produkt\/les-yeux-aufbewahrung\/","title":{"rendered":"Les Yeux Aufbewahrung"},"content":{"rendered":"<h4 class=\"moz-signature\">Abrasive Reinigungsl\u00f6sung mit passender Desinfektions- und Aufbewahrungsl\u00f6sung f\u00fcr flexible, formstabile Kontaktlinsen.<\/h4>\n<div class=\"moz-signature\"><\/div>\n<div class=\"moz-signature\">&#8211; Bew\u00e4hrtes Pflegesystem f\u00fcr formstabile Kontaktlinsen<br \/>\n&#8211; Abrasiver Reiniger mit sehr guter Reinigungsleistung<br \/>\n&#8211; Hoher Spontankomfort beim Einsetzen durch \u201eKisseneffekt\u201c<br \/>\n&#8211; Eine t\u00e4gliche Reinigung verbessert die Sehsch\u00e4rfe und den Tragekomfort<\/div>\n<div class=\"moz-signature\"><\/div>\n<div class=\"moz-signature\"><strong>VERWENDUNG<\/strong>: Desinfizieren, Aufbewahren, Absp\u00fclen und Benetzen.<\/div>\n<div class=\"moz-signature\"><strong>ANWENDUNG<\/strong>: F\u00fcr alle formstabilen Kontaktlinsen geeignet.<br \/>\n<strong>VORTEILE<\/strong>: Bew\u00e4hrtes Pflegesystem f\u00fcr formstabile Kontaktlinsen. Nicht ionischer, abrasiver Reiniger mit sehr guter Reinigungsleistung zur t\u00e4glichen Verwendung Entfernt Lipide und Ablagerungen zuverl\u00e4ssig und verbessert Sehsch\u00e4rfe und Gasdurchl\u00e4ssigkeit Milde Aufbewahrung mit \u201eKisseneffekt\u201c f\u00fcr noch mehr Komfort beim Einsetzen und Tragen.<br \/>\nNicht f\u00fcr die Materialien: Bilo 100, Optimum Extra, Boston XO2 und Boston XO geeignet. Bew\u00e4hrte Aufbewahrungsl\u00f6sung dank abgestimmtem pH-Wert und osmotischem Druck.<br \/>\n<strong>NUTZEN<\/strong>: Bew\u00e4hrtes Pflegesystem f\u00fcr formstabile Kontaktlinsen zur t\u00e4glichen Reinigung und Aufbewahrung Verbesserte Sehsch\u00e4rfe und hoher Tragekomfort. Angenehme Wirkung schon beim Einsetzen der Kontaktlinse.<\/div>\n<div><strong>ZUSAMMENSETZUNG<\/strong>: Polyhexanide 0,0002%, EDTA 0,1%, sterile, isotonisch gepufferte L\u00f6sung mit Viskosit\u00e4tsmittel<\/div>\n<div><\/div>\n","protected":false},"excerpt":{"rendered":"<p>Abrasive Reinigungsl\u00f6sung mit passender Desinfektions- und Aufbewahrungsl\u00f6sung f\u00fcr flexible, formstabile Kontaktlinsen. &#8211; Bew\u00e4hrtes Pflegesystem f\u00fcr formstabile Kontaktlinsen &#8211; Abrasiver Reiniger mit sehr guter Reinigungsleistung &#8211; Hoher Spontankomfort beim Einsetzen durch \u201eKisseneffekt\u201c &#8211; Eine t\u00e4gliche Reinigung verbessert die Sehsch\u00e4rfe und den Tragekomfort VERWENDUNG: Desinfizieren, Aufbewahren, Absp\u00fclen und Benetzen. ANWENDUNG: F\u00fcr alle formstabilen Kontaktlinsen geeignet. VORTEILE: Bew\u00e4hrtes [&hellip;]<\/p>\n","protected":false},"featured_media":211,"template":"","meta":[],"product_brand":[],"product_cat":[31],"product_tag":[],"class_list":{"0":"post-210","1":"product","2":"type-product","3":"status-publish","4":"has-post-thumbnail","6":"product_cat-kontaktlinsenpflegemittel","7":"product_shipping_class-020-bis-050-kg","9":"first","10":"instock","11":"taxable","12":"shipping-taxable","13":"purchasable","14":"product-type-simple"},"_links":{"self":[{"href":"https:\/\/pflegeroptik.at\/webshop\/wp-json\/wp\/v2\/product\/210","targetHints":{"allow":["GET"]}}],"collection":[{"href":"https:\/\/pflegeroptik.at\/webshop\/wp-json\/wp\/v2\/product"}],"about":[{"href":"https:\/\/pflegeroptik.at\/webshop\/wp-json\/wp\/v2\/types\/product"}],"wp:featuredmedia":[{"embeddable":true,"href":"https:\/\/pflegeroptik.at\/webshop\/wp-json\/wp\/v2\/media\/211"}],"wp:attachment":[{"href":"https:\/\/pflegeroptik.at\/webshop\/wp-json\/wp\/v2\/media?parent=210"}],"wp:term":[{"taxonomy":"product_brand","embeddable":true,"href":"https:\/\/pflegeroptik.at\/webshop\/wp-json\/wp\/v2\/product_brand?post=210"},{"taxonomy":"product_cat","embeddable":true,"href":"https:\/\/pflegeroptik.at\/webshop\/wp-json\/wp\/v2\/product_cat?post=210"},{"taxonomy":"product_tag","embeddable":true,"href":"https:\/\/pflegeroptik.at\/webshop\/wp-json\/wp\/v2\/product_tag?post=210"}],"curies":[{"name":"wp","href":"https:\/\/api.w.org\/{rel}","templated":true}]}}